{"id":1422,"date":"2022-05-27T12:31:41","date_gmt":"2022-05-27T12:31:41","guid":{"rendered":"https:\/\/databretxawomen.iniciativabarcelonaopendata.cat\/?page_id=1422"},"modified":"2022-06-10T11:31:06","modified_gmt":"2022-06-10T11:31:06","slug":"7m","status":"publish","type":"page","link":"https:\/\/databretxawomen.iniciativabarcelonaopendata.cat\/index.php\/7m\/","title":{"rendered":"7M"},"content":{"rendered":"<style>#kt-layout-id_6128ae-c5 > .kt-row-column-wrap{align-content:start;}:where(#kt-layout-id_6128ae-c5 > .kt-row-column-wrap) > .wp-block-kadence-column{justify-content:start;}#kt-layout-id_6128ae-c5 > .kt-row-column-wrap{column-gap:var(--global-kb-gap-md, 2rem);row-gap:var(--global-kb-gap-md, 2rem);padding-top:var( --global-kb-row-default-top, 25px );padding-bottom:var( --global-kb-row-default-bottom, 25px );padding-top:129px;grid-template-columns:minmax(0, calc(10% - ((var(--global-kb-gap-md, 2rem) * 2 )\/3)))minmax(0, calc(80% - ((var(--global-kb-gap-md, 2rem) * 2 )\/3)))minmax(0, calc(10% - ((var(--global-kb-gap-md, 2rem) * 2 )\/3)));}#kt-layout-id_6128ae-c5 > .kt-row-layout-overlay{opacity:0.30;}@media all and (max-width: 1024px){#kt-layout-id_6128ae-c5 > .kt-row-column-wrap > div:not(.added-for-specificity){grid-column:initial;}}@media all and (max-width: 1024px){#kt-layout-id_6128ae-c5 > .kt-row-column-wrap{grid-template-columns:minmax(0, 1fr) minmax(0, 6fr) minmax(0, 1fr);}}@media all and (max-width: 767px){#kt-layout-id_6128ae-c5 > .kt-row-column-wrap > div:not(.added-for-specificity){grid-column:initial;}#kt-layout-id_6128ae-c5 > .kt-row-column-wrap{grid-template-columns:minmax(0, 1fr);}}<\/style>\n<div class=\"wp-block-kadence-rowlayout alignnone\"><div id=\"kt-layout-id_6128ae-c5\" class=\"kt-row-layout-inner kt-layout-id_6128ae-c5\"><div class=\"kt-row-column-wrap kt-has-3-columns kt-gutter-default kt-v-gutter-default kt-row-valign-top kt-row-layout-center-exwide kt-tab-layout-inherit kt-m-colapse-left-to-right kt-mobile-layout-row  kt-custom-first-width-10  kt-custom-second-width-80  kt-custom-third-width-10\"><style>.kadence-column_73196b-bd > .kt-inside-inner-col{border-top-width:0px;border-right-width:0px;border-bottom-width:0px;border-left-width:0px;}.kadence-column_73196b-bd > .kt-inside-inner-col,.kadence-column_73196b-bd > .kt-inside-inner-col:before{border-top-left-radius:0px;border-top-right-radius:0px;border-bottom-right-radius:0px;border-bottom-left-radius:0px;}.kadence-column_73196b-bd > .kt-inside-inner-col{column-gap:var(--global-kb-gap-sm, 1rem);}.kadence-column_73196b-bd > .kt-inside-inner-col{flex-direction:column;}.kadence-column_73196b-bd > .kt-inside-inner-col > .aligncenter{width:100%;}.kadence-column_73196b-bd > .kt-inside-inner-col:before{opacity:0.3;}.kadence-column_73196b-bd{position:relative;}@media all and (max-width: 1024px){.kadence-column_73196b-bd > .kt-inside-inner-col{flex-direction:column;justify-content:center;}}@media all and (max-width: 767px){.kadence-column_73196b-bd > .kt-inside-inner-col{flex-direction:column;justify-content:center;}}<\/style>\n<div class=\"wp-block-kadence-column inner-column-1 kadence-column_73196b-bd\"><div class=\"kt-inside-inner-col\"><\/div><\/div>\n\n\n<style>.kadence-column_a5b7a5-5f > .kt-inside-inner-col{border-top-width:0px;border-right-width:0px;border-bottom-width:0px;border-left-width:0px;}.kadence-column_a5b7a5-5f > .kt-inside-inner-col,.kadence-column_a5b7a5-5f > .kt-inside-inner-col:before{border-top-left-radius:0px;border-top-right-radius:0px;border-bottom-right-radius:0px;border-bottom-left-radius:0px;}.kadence-column_a5b7a5-5f > .kt-inside-inner-col{column-gap:var(--global-kb-gap-sm, 1rem);}.kadence-column_a5b7a5-5f > .kt-inside-inner-col{flex-direction:column;}.kadence-column_a5b7a5-5f > .kt-inside-inner-col > .aligncenter{width:100%;}.kadence-column_a5b7a5-5f > .kt-inside-inner-col:before{opacity:0.3;}.kadence-column_a5b7a5-5f{position:relative;}@media all and (max-width: 1024px){.kadence-column_a5b7a5-5f > .kt-inside-inner-col{flex-direction:column;justify-content:center;}}@media all and (max-width: 767px){.kadence-column_a5b7a5-5f > .kt-inside-inner-col{flex-direction:column;justify-content:center;}}<\/style>\n<div class=\"wp-block-kadence-column inner-column-2 kadence-column_a5b7a5-5f\"><div class=\"kt-inside-inner-col\"><div class=\"wp-block-image\">\n<figure class=\"aligncenter size-large\"><img loading=\"lazy\" decoding=\"async\" width=\"1024\" height=\"575\" src=\"https:\/\/databretxawomen.iniciativabarcelonaopendata.cat\/wp-content\/uploads\/2022\/05\/7-1024x575.png\" alt=\"\" class=\"wp-image-31\" srcset=\"https:\/\/databretxawomen.iniciativabarcelonaopendata.cat\/wp-content\/uploads\/2022\/05\/7-1024x575.png 1024w, https:\/\/databretxawomen.iniciativabarcelonaopendata.cat\/wp-content\/uploads\/2022\/05\/7-600x337.png 600w, https:\/\/databretxawomen.iniciativabarcelonaopendata.cat\/wp-content\/uploads\/2022\/05\/7-300x169.png 300w, https:\/\/databretxawomen.iniciativabarcelonaopendata.cat\/wp-content\/uploads\/2022\/05\/7-768x431.png 768w, https:\/\/databretxawomen.iniciativabarcelonaopendata.cat\/wp-content\/uploads\/2022\/05\/7-1536x863.png 1536w, https:\/\/databretxawomen.iniciativabarcelonaopendata.cat\/wp-content\/uploads\/2022\/05\/7-2048x1150.png 2048w\" sizes=\"auto, (max-width: 1024px) 100vw, 1024px\" \/><\/figure>\n<\/div>\n\n\n<p class=\"has-theme-palette-5-color has-text-color has-medium-font-size\"><strong>Explicaci\u00f3<\/strong><\/p>\n\n\n\n<p class=\"has-theme-palette-5-color has-text-color\">Analitzant les \u00e0rees de responsabilitat segons sexe en les regidories dels diversos ajuntaments de Catalunya, en una mostra realitzada a partir de 3.357 c\u00e0rrecs, destaca la desproporcionada masculinitzaci\u00f3 en les Regidories d&#8217;Infraestructures, nom\u00e9s ocupen el c\u00e0rrec 6 dones (15,7%), respecte a 32 homes (84,21%). S\u00f3n dades de la Generalitat de Catalunya l&#8217;any 2019.<\/p>\n\n\n\n<p class=\"has-theme-palette-5-color has-text-color has-medium-font-size\"><strong>Interpretar dades<\/strong><\/p>\n\n\n\n<figure class=\"wp-block-embed is-type-video is-provider-youtube wp-block-embed-youtube wp-embed-aspect-16-9 wp-has-aspect-ratio\"><div class=\"wp-block-embed__wrapper\">\n<iframe loading=\"lazy\" title=\"7M - \u00c0rees de responsabilitat segons sexe\" width=\"720\" height=\"405\" src=\"https:\/\/www.youtube.com\/embed\/cLsjVnGAtWo?feature=oembed\" frameborder=\"0\" allow=\"accelerometer; autoplay; clipboard-write; encrypted-media; gyroscope; picture-in-picture\" allowfullscreen><\/iframe>\n<\/div><\/figure>\n\n\n\n<p class=\"has-theme-palette-5-color has-text-color has-medium-font-size\"><strong>Visualitzaci\u00f3<\/strong><\/p>\n\n\n\n<p class=\"has-theme-palette-5-color has-text-color\">\u00c0rees de responsabilitat segons sexe&nbsp;<\/p>\n\n\n\n<p class=\"has-theme-palette-5-color has-text-color has-medium-font-size\"><strong>Enlla\u00e7 visualitzaci\u00f3<\/strong><\/p>\n\n\n\n<p><a href=\"https:\/\/dones.gencat.cat\/ca\/ambits\/Observatori-de-la-Igualtat-de-Genere\/empoderament\/dones_politica\/\">https:\/\/dones.gencat.cat\/ca\/ambits\/Observatori-de-la-Igualtat-de-Genere\/empoderament\/dones_politica\/<\/a><\/p>\n\n\n\n<p class=\"has-theme-palette-5-color has-text-color has-medium-font-size\"><strong>Projecte<\/strong><\/p>\n\n\n\n<p><a href=\"https:\/\/donesdigital.datalabciba.org\/\"><a href=\"https:\/\/dones.gencat.cat\/ca\/ambits\/Observatori-de-la-Igualtat-de-Genere\/empoderament\/dones_politica\/\">Dones i Poder Local &#8211; Participaci\u00f3 i poder de les dones a Catalunya<\/a><\/a><\/p>\n\n\n\n<p><\/p>\n<\/div><\/div>\n\n\n<style>.kadence-column_0cfca9-2d > .kt-inside-inner-col{border-top-width:0px;border-right-width:0px;border-bottom-width:0px;border-left-width:0px;}.kadence-column_0cfca9-2d > .kt-inside-inner-col,.kadence-column_0cfca9-2d > .kt-inside-inner-col:before{border-top-left-radius:0px;border-top-right-radius:0px;border-bottom-right-radius:0px;border-bottom-left-radius:0px;}.kadence-column_0cfca9-2d > .kt-inside-inner-col{column-gap:var(--global-kb-gap-sm, 1rem);}.kadence-column_0cfca9-2d > .kt-inside-inner-col{flex-direction:column;}.kadence-column_0cfca9-2d > .kt-inside-inner-col > .aligncenter{width:100%;}.kadence-column_0cfca9-2d > .kt-inside-inner-col:before{opacity:0.3;}.kadence-column_0cfca9-2d{position:relative;}@media all and (max-width: 1024px){.kadence-column_0cfca9-2d > .kt-inside-inner-col{flex-direction:column;justify-content:center;}}@media all and (max-width: 767px){.kadence-column_0cfca9-2d > .kt-inside-inner-col{flex-direction:column;justify-content:center;}}<\/style>\n<div class=\"wp-block-kadence-column inner-column-3 kadence-column_0cfca9-2d\"><div class=\"kt-inside-inner-col\"><\/div><\/div>\n<\/div><\/div><\/div>\n\n\n\n<p><\/p>\n","protected":false},"excerpt":{"rendered":"<p>Explicaci\u00f3 Analitzant les \u00e0rees de responsabilitat segons sexe en les regidories dels diversos ajuntaments de Catalunya, en una mostra realitzada a partir de 3.357 c\u00e0rrecs, destaca la desproporcionada masculinitzaci\u00f3 en les Regidories d&#8217;Infraestructures, nom\u00e9s ocupen el c\u00e0rrec 6 dones (15,7%), respecte a 32 homes (84,21%). S\u00f3n dades de la Generalitat de Catalunya l&#8217;any 2019. Interpretar&#8230;<\/p>\n","protected":false},"author":2,"featured_media":0,"parent":0,"menu_order":0,"comment_status":"closed","ping_status":"closed","template":"","meta":{"_monsterinsights_skip_tracking":false,"_monsterinsights_sitenote_active":false,"_monsterinsights_sitenote_note":"","_monsterinsights_sitenote_category":0,"_kad_post_transparent":"enable","_kad_post_title":"hide","_kad_post_layout":"fullwidth","_kad_post_sidebar_id":"","_kad_post_content_style":"boxed","_kad_post_vertical_padding":"","_kad_post_feature":"","_kad_post_feature_position":"","_kad_post_header":false,"_kad_post_footer":false,"_kad_post_classname":"","footnotes":""},"class_list":["post-1422","page","type-page","status-publish","hentry"],"yoast_head":"<!-- This site is optimized with the Yoast SEO plugin v27.4 - https:\/\/yoast.com\/product\/yoast-seo-wordpress\/ -->\n<title>7M - databretxawomen<\/title>\n<meta name=\"robots\" content=\"index, follow, max-snippet:-1, max-image-preview:large, max-video-preview:-1\" \/>\n<link rel=\"canonical\" href=\"https:\/\/databretxawomen.iniciativabarcelonaopendata.cat\/index.php\/7m\/\" \/>\n<meta property=\"og:locale\" content=\"es_ES\" \/>\n<meta property=\"og:type\" content=\"article\" \/>\n<meta property=\"og:title\" content=\"7M - databretxawomen\" \/>\n<meta property=\"og:description\" content=\"Explicaci\u00f3 Analitzant les \u00e0rees de responsabilitat segons sexe en les regidories dels diversos ajuntaments de Catalunya, en una mostra realitzada a partir de 3.357 c\u00e0rrecs, destaca la desproporcionada masculinitzaci\u00f3 en les Regidories d&#8217;Infraestructures, nom\u00e9s ocupen el c\u00e0rrec 6 dones (15,7%), respecte a 32 homes (84,21%). S\u00f3n dades de la Generalitat de Catalunya l&#8217;any 2019. Interpretar...\" \/>\n<meta property=\"og:url\" content=\"https:\/\/databretxawomen.iniciativabarcelonaopendata.cat\/index.php\/7m\/\" \/>\n<meta property=\"og:site_name\" content=\"databretxawomen\" \/>\n<meta property=\"article:modified_time\" content=\"2022-06-10T11:31:06+00:00\" \/>\n<meta property=\"og:image\" content=\"https:\/\/databretxawomen.iniciativabarcelonaopendata.cat\/wp-content\/uploads\/2022\/05\/7-1024x575.png\" \/>\n<meta name=\"twitter:card\" content=\"summary_large_image\" \/>\n<meta name=\"twitter:label1\" content=\"Tiempo de lectura\" \/>\n\t<meta name=\"twitter:data1\" content=\"1 minuto\" \/>\n<script type=\"application\/ld+json\" class=\"yoast-schema-graph\">{\"@context\":\"https:\\\/\\\/schema.org\",\"@graph\":[{\"@type\":\"WebPage\",\"@id\":\"https:\\\/\\\/databretxawomen.iniciativabarcelonaopendata.cat\\\/index.php\\\/7m\\\/\",\"url\":\"https:\\\/\\\/databretxawomen.iniciativabarcelonaopendata.cat\\\/index.php\\\/7m\\\/\",\"name\":\"7M - databretxawomen\",\"isPartOf\":{\"@id\":\"https:\\\/\\\/databretxawomen.iniciativabarcelonaopendata.cat\\\/#website\"},\"primaryImageOfPage\":{\"@id\":\"https:\\\/\\\/databretxawomen.iniciativabarcelonaopendata.cat\\\/index.php\\\/7m\\\/#primaryimage\"},\"image\":{\"@id\":\"https:\\\/\\\/databretxawomen.iniciativabarcelonaopendata.cat\\\/index.php\\\/7m\\\/#primaryimage\"},\"thumbnailUrl\":\"https:\\\/\\\/databretxawomen.iniciativabarcelonaopendata.cat\\\/wp-content\\\/uploads\\\/2022\\\/05\\\/7-1024x575.png\",\"datePublished\":\"2022-05-27T12:31:41+00:00\",\"dateModified\":\"2022-06-10T11:31:06+00:00\",\"breadcrumb\":{\"@id\":\"https:\\\/\\\/databretxawomen.iniciativabarcelonaopendata.cat\\\/index.php\\\/7m\\\/#breadcrumb\"},\"inLanguage\":\"es\",\"potentialAction\":[{\"@type\":\"ReadAction\",\"target\":[\"https:\\\/\\\/databretxawomen.iniciativabarcelonaopendata.cat\\\/index.php\\\/7m\\\/\"]}]},{\"@type\":\"ImageObject\",\"inLanguage\":\"es\",\"@id\":\"https:\\\/\\\/databretxawomen.iniciativabarcelonaopendata.cat\\\/index.php\\\/7m\\\/#primaryimage\",\"url\":\"https:\\\/\\\/databretxawomen.iniciativabarcelonaopendata.cat\\\/wp-content\\\/uploads\\\/2022\\\/05\\\/7.png\",\"contentUrl\":\"https:\\\/\\\/databretxawomen.iniciativabarcelonaopendata.cat\\\/wp-content\\\/uploads\\\/2022\\\/05\\\/7.png\",\"width\":2560,\"height\":1438},{\"@type\":\"BreadcrumbList\",\"@id\":\"https:\\\/\\\/databretxawomen.iniciativabarcelonaopendata.cat\\\/index.php\\\/7m\\\/#breadcrumb\",\"itemListElement\":[{\"@type\":\"ListItem\",\"position\":1,\"name\":\"Inici\",\"item\":\"https:\\\/\\\/databretxawomen.iniciativabarcelonaopendata.cat\\\/\"},{\"@type\":\"ListItem\",\"position\":2,\"name\":\"7M\"}]},{\"@type\":\"WebSite\",\"@id\":\"https:\\\/\\\/databretxawomen.iniciativabarcelonaopendata.cat\\\/#website\",\"url\":\"https:\\\/\\\/databretxawomen.iniciativabarcelonaopendata.cat\\\/\",\"name\":\"databretxawomen\",\"description\":\"databretxawomen\",\"publisher\":{\"@id\":\"https:\\\/\\\/databretxawomen.iniciativabarcelonaopendata.cat\\\/#organization\"},\"potentialAction\":[{\"@type\":\"SearchAction\",\"target\":{\"@type\":\"EntryPoint\",\"urlTemplate\":\"https:\\\/\\\/databretxawomen.iniciativabarcelonaopendata.cat\\\/?s={search_term_string}\"},\"query-input\":{\"@type\":\"PropertyValueSpecification\",\"valueRequired\":true,\"valueName\":\"search_term_string\"}}],\"inLanguage\":\"es\"},{\"@type\":\"Organization\",\"@id\":\"https:\\\/\\\/databretxawomen.iniciativabarcelonaopendata.cat\\\/#organization\",\"name\":\"DataWoman\",\"url\":\"https:\\\/\\\/databretxawomen.iniciativabarcelonaopendata.cat\\\/\",\"logo\":{\"@type\":\"ImageObject\",\"inLanguage\":\"es\",\"@id\":\"https:\\\/\\\/databretxawomen.iniciativabarcelonaopendata.cat\\\/#\\\/schema\\\/logo\\\/image\\\/\",\"url\":\"https:\\\/\\\/databretxawomen.iniciativabarcelonaopendata.cat\\\/wp-content\\\/uploads\\\/2022\\\/05\\\/Lila_rediseno_W-1.png\",\"contentUrl\":\"https:\\\/\\\/databretxawomen.iniciativabarcelonaopendata.cat\\\/wp-content\\\/uploads\\\/2022\\\/05\\\/Lila_rediseno_W-1.png\",\"width\":3333,\"height\":3333,\"caption\":\"DataWoman\"},\"image\":{\"@id\":\"https:\\\/\\\/databretxawomen.iniciativabarcelonaopendata.cat\\\/#\\\/schema\\\/logo\\\/image\\\/\"}}]}<\/script>\n<!-- \/ Yoast SEO plugin. -->","yoast_head_json":{"title":"7M - databretxawomen","robots":{"index":"index","follow":"follow","max-snippet":"max-snippet:-1","max-image-preview":"max-image-preview:large","max-video-preview":"max-video-preview:-1"},"canonical":"https:\/\/databretxawomen.iniciativabarcelonaopendata.cat\/index.php\/7m\/","og_locale":"es_ES","og_type":"article","og_title":"7M - databretxawomen","og_description":"Explicaci\u00f3 Analitzant les \u00e0rees de responsabilitat segons sexe en les regidories dels diversos ajuntaments de Catalunya, en una mostra realitzada a partir de 3.357 c\u00e0rrecs, destaca la desproporcionada masculinitzaci\u00f3 en les Regidories d&#8217;Infraestructures, nom\u00e9s ocupen el c\u00e0rrec 6 dones (15,7%), respecte a 32 homes (84,21%). S\u00f3n dades de la Generalitat de Catalunya l&#8217;any 2019. Interpretar...","og_url":"https:\/\/databretxawomen.iniciativabarcelonaopendata.cat\/index.php\/7m\/","og_site_name":"databretxawomen","article_modified_time":"2022-06-10T11:31:06+00:00","og_image":[{"url":"https:\/\/databretxawomen.iniciativabarcelonaopendata.cat\/wp-content\/uploads\/2022\/05\/7-1024x575.png","type":"","width":"","height":""}],"twitter_card":"summary_large_image","twitter_misc":{"Tiempo de lectura":"1 minuto"},"schema":{"@context":"https:\/\/schema.org","@graph":[{"@type":"WebPage","@id":"https:\/\/databretxawomen.iniciativabarcelonaopendata.cat\/index.php\/7m\/","url":"https:\/\/databretxawomen.iniciativabarcelonaopendata.cat\/index.php\/7m\/","name":"7M - databretxawomen","isPartOf":{"@id":"https:\/\/databretxawomen.iniciativabarcelonaopendata.cat\/#website"},"primaryImageOfPage":{"@id":"https:\/\/databretxawomen.iniciativabarcelonaopendata.cat\/index.php\/7m\/#primaryimage"},"image":{"@id":"https:\/\/databretxawomen.iniciativabarcelonaopendata.cat\/index.php\/7m\/#primaryimage"},"thumbnailUrl":"https:\/\/databretxawomen.iniciativabarcelonaopendata.cat\/wp-content\/uploads\/2022\/05\/7-1024x575.png","datePublished":"2022-05-27T12:31:41+00:00","dateModified":"2022-06-10T11:31:06+00:00","breadcrumb":{"@id":"https:\/\/databretxawomen.iniciativabarcelonaopendata.cat\/index.php\/7m\/#breadcrumb"},"inLanguage":"es","potentialAction":[{"@type":"ReadAction","target":["https:\/\/databretxawomen.iniciativabarcelonaopendata.cat\/index.php\/7m\/"]}]},{"@type":"ImageObject","inLanguage":"es","@id":"https:\/\/databretxawomen.iniciativabarcelonaopendata.cat\/index.php\/7m\/#primaryimage","url":"https:\/\/databretxawomen.iniciativabarcelonaopendata.cat\/wp-content\/uploads\/2022\/05\/7.png","contentUrl":"https:\/\/databretxawomen.iniciativabarcelonaopendata.cat\/wp-content\/uploads\/2022\/05\/7.png","width":2560,"height":1438},{"@type":"BreadcrumbList","@id":"https:\/\/databretxawomen.iniciativabarcelonaopendata.cat\/index.php\/7m\/#breadcrumb","itemListElement":[{"@type":"ListItem","position":1,"name":"Inici","item":"https:\/\/databretxawomen.iniciativabarcelonaopendata.cat\/"},{"@type":"ListItem","position":2,"name":"7M"}]},{"@type":"WebSite","@id":"https:\/\/databretxawomen.iniciativabarcelonaopendata.cat\/#website","url":"https:\/\/databretxawomen.iniciativabarcelonaopendata.cat\/","name":"databretxawomen","description":"databretxawomen","publisher":{"@id":"https:\/\/databretxawomen.iniciativabarcelonaopendata.cat\/#organization"},"potentialAction":[{"@type":"SearchAction","target":{"@type":"EntryPoint","urlTemplate":"https:\/\/databretxawomen.iniciativabarcelonaopendata.cat\/?s={search_term_string}"},"query-input":{"@type":"PropertyValueSpecification","valueRequired":true,"valueName":"search_term_string"}}],"inLanguage":"es"},{"@type":"Organization","@id":"https:\/\/databretxawomen.iniciativabarcelonaopendata.cat\/#organization","name":"DataWoman","url":"https:\/\/databretxawomen.iniciativabarcelonaopendata.cat\/","logo":{"@type":"ImageObject","inLanguage":"es","@id":"https:\/\/databretxawomen.iniciativabarcelonaopendata.cat\/#\/schema\/logo\/image\/","url":"https:\/\/databretxawomen.iniciativabarcelonaopendata.cat\/wp-content\/uploads\/2022\/05\/Lila_rediseno_W-1.png","contentUrl":"https:\/\/databretxawomen.iniciativabarcelonaopendata.cat\/wp-content\/uploads\/2022\/05\/Lila_rediseno_W-1.png","width":3333,"height":3333,"caption":"DataWoman"},"image":{"@id":"https:\/\/databretxawomen.iniciativabarcelonaopendata.cat\/#\/schema\/logo\/image\/"}}]}},"_links":{"self":[{"href":"https:\/\/databretxawomen.iniciativabarcelonaopendata.cat\/index.php\/wp-json\/wp\/v2\/pages\/1422","targetHints":{"allow":["GET"]}}],"collection":[{"href":"https:\/\/databretxawomen.iniciativabarcelonaopendata.cat\/index.php\/wp-json\/wp\/v2\/pages"}],"about":[{"href":"https:\/\/databretxawomen.iniciativabarcelonaopendata.cat\/index.php\/wp-json\/wp\/v2\/types\/page"}],"author":[{"embeddable":true,"href":"https:\/\/databretxawomen.iniciativabarcelonaopendata.cat\/index.php\/wp-json\/wp\/v2\/users\/2"}],"replies":[{"embeddable":true,"href":"https:\/\/databretxawomen.iniciativabarcelonaopendata.cat\/index.php\/wp-json\/wp\/v2\/comments?post=1422"}],"version-history":[{"count":3,"href":"https:\/\/databretxawomen.iniciativabarcelonaopendata.cat\/index.php\/wp-json\/wp\/v2\/pages\/1422\/revisions"}],"predecessor-version":[{"id":1616,"href":"https:\/\/databretxawomen.iniciativabarcelonaopendata.cat\/index.php\/wp-json\/wp\/v2\/pages\/1422\/revisions\/1616"}],"wp:attachment":[{"href":"https:\/\/databretxawomen.iniciativabarcelonaopendata.cat\/index.php\/wp-json\/wp\/v2\/media?parent=1422"}],"curies":[{"name":"wp","href":"https:\/\/api.w.org\/{rel}","templated":true}]}}